{"id":30,"date":"2023-08-18T12:00:37","date_gmt":"2023-08-18T12:00:37","guid":{"rendered":"http:\/\/localhost\/dlr\/?page_id=30"},"modified":"2025-04-21T09:52:46","modified_gmt":"2025-04-21T09:52:46","slug":"inspire-theme","status":"publish","type":"page","link":"https:\/\/www.sg-dlr-op.de\/","title":{"rendered":"Herzlich Willkommen bei der Sportgemeinschaft des DLR in Oberpfaffenhofen"},"content":{"rendered":"<p><!--more-->Die Sportgemeinschaft des Deutschen Zentrums f\u00fcr Luft- und Raumfahrt e.V. (DLR) in Oberpfaffenhofen (OP) besteht seit 1970 und bietet den Mitarbeitern\/innen vom DLR und anderen Firmen, im und um den DLR Standort in Oberpfaffenhofen, sowie ihren Familienangeh\u00f6rigen und G\u00e4sten, Gelegenheit zu sportlicher Bet\u00e4tigung.<\/p>\n<p>Der Verein hat zurzeit vier Sektionen:<\/p>\n<ul>\n<li><a href=\"https:\/\/www.sg-dlr-op.de\/?page_id=749\">Beach-Volleyball<\/a><\/li>\n<li><a href=\"https:\/\/www.sg-dlr-op.de\/?page_id=599\">Fu\u00dfball<\/a><\/li>\n<li><a href=\"https:\/\/www.sg-dlr-op.de\/?page_id=601\">Sportschie\u00dfen<\/a><\/li>\n<li><a href=\"https:\/\/www.sg-dlr-op.de\/?page_id=597\">Tennis<\/a><\/li>\n<\/ul>\n<p>Haben wir Euer Interesse geweckt und wollt Ihr Mitglied werden? Hier geht es zum <a href=\"https:\/\/www.sg-dlr-op.de\/wp-content\/uploads\/2023\/08\/Aufnahmeantrag-SGOP-ab-April-2023_.pdf\">Aufnahmeantrag <\/a>und zu den aktuellen <a title=\"Beitr\u00e4ge\" href=\"http:\/\/www.sg-dlr-op.de\/?page_id=681\">Mitgliedsbeitr\u00e4ge<\/a>.<\/p>\n","protected":false},"excerpt":{"rendered":"","protected":false},"author":1,"featured_media":0,"parent":0,"menu_order":0,"comment_status":"closed","ping_status":"closed","template":"","meta":{"footnotes":""},"_links":{"self":[{"href":"https:\/\/www.sg-dlr-op.de\/index.php?rest_route=\/wp\/v2\/pages\/30"}],"collection":[{"href":"https:\/\/www.sg-dlr-op.de\/index.php?rest_route=\/wp\/v2\/pages"}],"about":[{"href":"https:\/\/www.sg-dlr-op.de\/index.php?rest_route=\/wp\/v2\/types\/page"}],"author":[{"embeddable":true,"href":"https:\/\/www.sg-dlr-op.de\/index.php?rest_route=\/wp\/v2\/users\/1"}],"replies":[{"embeddable":true,"href":"https:\/\/www.sg-dlr-op.de\/index.php?rest_route=%2Fwp%2Fv2%2Fcomments&post=30"}],"version-history":[{"count":25,"href":"https:\/\/www.sg-dlr-op.de\/index.php?rest_route=\/wp\/v2\/pages\/30\/revisions"}],"predecessor-version":[{"id":1030,"href":"https:\/\/www.sg-dlr-op.de\/index.php?rest_route=\/wp\/v2\/pages\/30\/revisions\/1030"}],"wp:attachment":[{"href":"https:\/\/www.sg-dlr-op.de\/index.php?rest_route=%2Fwp%2Fv2%2Fmedia&parent=30"}],"curies":[{"name":"wp","href":"https:\/\/api.w.org\/{rel}","templated":true}]}}