{"id":622,"date":"2023-08-18T11:30:36","date_gmt":"2023-08-18T11:30:36","guid":{"rendered":"http:\/\/localhost\/dlr\/?page_id=622"},"modified":"2025-03-25T10:15:49","modified_gmt":"2025-03-25T10:15:49","slug":"impressum","status":"publish","type":"page","link":"https:\/\/www.sg-dlr-op.de\/?page_id=622","title":{"rendered":"Impressum"},"content":{"rendered":"<p>Deutsches Zentrum f\u00fcr Luft- und Raumfahrt e.V.<\/p>\n<p>Sportgemeinschaft DLR Oberpfaffenhofen e.V.<\/p>\n<p>M\u00fcnchener Strasse 20<br \/>\n82234 Wessling<\/p>\n<p>Telefon: \u00a008153 28-2323<\/p>\n<p>Kontakt: <a href=\"mailto:info@sg-dlr-op.de\">info@sg-dlr-op.de<\/a><\/p>\n<p><strong>Rechtliche Hinweise und Datenschutz<\/strong><br \/>\nDer Betreiber von www.sg-dlr-op.de\u00a0\u00fcbernimmt keine Verantwortung f\u00fcr die Rechtm\u00e4\u00dfigkeit der auf anderen durch Links referenzierten Web-Sites ver\u00f6ffentlichten Inhalte.<\/p>\n<p>F\u00fcr die Inhalte sind ausschlie\u00dflich die jeweiligen Betreiber bzw. Inhaber der Domains selbst verantwortlich. Die gesetzten Verweise wurden zum Zeitpunkt der Aufnahme der Links daraufhin \u00fcberpr\u00fcft, ob durch die Inhalte der Fremdseiten eine m\u00f6gliche straf- oder zivilrechtliche Verantwortlichkeit erwirkt werden k\u00f6nnte. Die WWW-Inhalte der gesetzten Verweise werden in regelm\u00e4ssigen Abst\u00e4nden \u00fcberpr\u00fcft.<\/p>\n<p>Der Betreiber von www.sg-dlr-op.de\u00a0\u00fcbernimmt keine Haftung f\u00fcr Sch\u00e4den, die aus der Benutzung (Inhalte und\/oder Software) dieser oder fremder Web-Sites entstehen k\u00f6nnten.<\/p>\n<p>Alle auf diesen Seiten verwendeten Markennamen, Warenzeichen, Produktbezeichnungen, deren Abk\u00fcrzungen und Logos sind Eigentum der betreffenden Unternehmen und werden als gesch\u00fctzt anerkannt.<\/p>\n","protected":false},"excerpt":{"rendered":"<p>Deutsches Zentrum f\u00fcr Luft- und Raumfahrt e.V. Sportgemeinschaft DLR Oberpfaffenhofen e.V. M\u00fcnchener Strasse 20 82234 Wessling Telefon: \u00a008153 28-2323 Kontakt: info@sg-dlr-op.de Rechtliche Hinweise und Datenschutz Der Betreiber von www.sg-dlr-op.de\u00a0\u00fcbernimmt keine Verantwortung f\u00fcr die Rechtm\u00e4\u00dfigkeit der auf anderen durch Links referenzierten Web-Sites ver\u00f6ffentlichten Inhalte. F\u00fcr die Inhalte sind ausschlie\u00dflich die jeweiligen Betreiber bzw. Inhaber der Domains [&hellip;]<\/p>\n","protected":false},"author":11,"featured_media":0,"parent":0,"menu_order":0,"comment_status":"closed","ping_status":"closed","template":"","meta":{"footnotes":""},"_links":{"self":[{"href":"https:\/\/www.sg-dlr-op.de\/index.php?rest_route=\/wp\/v2\/pages\/622"}],"collection":[{"href":"https:\/\/www.sg-dlr-op.de\/index.php?rest_route=\/wp\/v2\/pages"}],"about":[{"href":"https:\/\/www.sg-dlr-op.de\/index.php?rest_route=\/wp\/v2\/types\/page"}],"author":[{"embeddable":true,"href":"https:\/\/www.sg-dlr-op.de\/index.php?rest_route=\/wp\/v2\/users\/11"}],"replies":[{"embeddable":true,"href":"https:\/\/www.sg-dlr-op.de\/index.php?rest_route=%2Fwp%2Fv2%2Fcomments&post=622"}],"version-history":[{"count":20,"href":"https:\/\/www.sg-dlr-op.de\/index.php?rest_route=\/wp\/v2\/pages\/622\/revisions"}],"predecessor-version":[{"id":1016,"href":"https:\/\/www.sg-dlr-op.de\/index.php?rest_route=\/wp\/v2\/pages\/622\/revisions\/1016"}],"wp:attachment":[{"href":"https:\/\/www.sg-dlr-op.de\/index.php?rest_route=%2Fwp%2Fv2%2Fmedia&parent=622"}],"curies":[{"name":"wp","href":"https:\/\/api.w.org\/{rel}","templated":true}]}}