{"id":681,"date":"2023-08-18T11:59:41","date_gmt":"2023-08-18T11:59:41","guid":{"rendered":"http:\/\/www.sg-dlr-op.de\/?page_id=681"},"modified":"2026-04-08T19:15:08","modified_gmt":"2026-04-08T19:15:08","slug":"beitrage","status":"publish","type":"page","link":"https:\/\/www.sg-dlr-op.de\/?page_id=681","title":{"rendered":"Beitr\u00e4ge"},"content":{"rendered":"<p><strong>Beitr\u00e4ge der Sportgemeinschaft:<br \/>\n<\/strong>Einmalige Aufnahmegeb\u00fchr: 10 \u20ac<\/p>\n<p><strong>Mitgliedsbeitrag j\u00e4hrlich:<\/strong><br \/>\nErwachsene: 25 \u20ac<br \/>\nJugendliche: 12,50 \u20ac<\/p>\n<p><strong>Sektion Tennis (Spielgeb\u00fchr j\u00e4hrlich):<\/strong><br \/>\nErwachsene: 125 \u20ac<br \/>\nJugendliche: 62,50\u00a0 \u20ac<\/p>\n<p><strong>Sektion Fu\u00dfball (Spielgeb\u00fchr j\u00e4hrlich):<\/strong><br \/>\nj\u00e4hrlich 25 \u20ac<\/p>\n<p><strong>Sektion\u00a0Beach Volleyball (Spielgeb\u00fchr j\u00e4hrlich):<\/strong><br \/>\nj\u00e4hrlich 60 \u20ac<\/p>\n<p><strong>Sektion Sportschie\u00dfen (Standmietenumlage):<\/strong><br \/>\nj\u00e4hrlich 75 \u20ac<\/p>\n","protected":false},"excerpt":{"rendered":"<p>Beitr\u00e4ge der Sportgemeinschaft: Einmalige Aufnahmegeb\u00fchr: 10 \u20ac Mitgliedsbeitrag j\u00e4hrlich: Erwachsene: 25 \u20ac Jugendliche: 12,50 \u20ac Sektion Tennis (Spielgeb\u00fchr j\u00e4hrlich): Erwachsene: 125 \u20ac Jugendliche: 62,50\u00a0 \u20ac Sektion Fu\u00dfball (Spielgeb\u00fchr j\u00e4hrlich): j\u00e4hrlich 25 \u20ac Sektion\u00a0Beach Volleyball (Spielgeb\u00fchr j\u00e4hrlich): j\u00e4hrlich 60 \u20ac Sektion Sportschie\u00dfen (Standmietenumlage): j\u00e4hrlich 75 \u20ac<\/p>\n","protected":false},"author":1,"featured_media":0,"parent":0,"menu_order":0,"comment_status":"closed","ping_status":"closed","template":"","meta":{"footnotes":""},"_links":{"self":[{"href":"https:\/\/www.sg-dlr-op.de\/index.php?rest_route=\/wp\/v2\/pages\/681"}],"collection":[{"href":"https:\/\/www.sg-dlr-op.de\/index.php?rest_route=\/wp\/v2\/pages"}],"about":[{"href":"https:\/\/www.sg-dlr-op.de\/index.php?rest_route=\/wp\/v2\/types\/page"}],"author":[{"embeddable":true,"href":"https:\/\/www.sg-dlr-op.de\/index.php?rest_route=\/wp\/v2\/users\/1"}],"replies":[{"embeddable":true,"href":"https:\/\/www.sg-dlr-op.de\/index.php?rest_route=%2Fwp%2Fv2%2Fcomments&post=681"}],"version-history":[{"count":16,"href":"https:\/\/www.sg-dlr-op.de\/index.php?rest_route=\/wp\/v2\/pages\/681\/revisions"}],"predecessor-version":[{"id":1041,"href":"https:\/\/www.sg-dlr-op.de\/index.php?rest_route=\/wp\/v2\/pages\/681\/revisions\/1041"}],"wp:attachment":[{"href":"https:\/\/www.sg-dlr-op.de\/index.php?rest_route=%2Fwp%2Fv2%2Fmedia&parent=681"}],"curies":[{"name":"wp","href":"https:\/\/api.w.org\/{rel}","templated":true}]}}