{"id":749,"date":"2023-08-18T12:07:48","date_gmt":"2023-08-18T12:07:48","guid":{"rendered":"http:\/\/www.sg-dlr-op.de\/?page_id=749"},"modified":"2025-04-21T09:53:01","modified_gmt":"2025-04-21T09:53:01","slug":"beach-volley-ball","status":"publish","type":"page","link":"https:\/\/www.sg-dlr-op.de\/?page_id=749","title":{"rendered":"Beach-Volleyball"},"content":{"rendered":"<p>Gef\u00e4llt Dir das Gef\u00fchl von Sand unter den F\u00fc\u00dfen? Treibst Du gerne Sport unter freiem Himmel und hast Spa\u00df an Teamsport? Dann bist Du hier genau richtig.<\/p>\n<p>Spielort Sommer: Beachanlage des Sport-Club We\u00dfling e.V. (Meilinger Weg 24, 82234 We\u00dfling)<br \/>\nSpielort Winter: Alpaka Beach Indoor Beachhalle (Am Weinberg 26, 82239 Alling)<br \/>\nSpielzeiten: Jeden Mittwoch 17:00 \u2013 18:30 Uhr.<\/p>\n<p>Kosten: 60,- \u20ac pro Jahr<br \/>\n(zus\u00e4tzlich zu zahlen sind SG DLR OP Jahresbeitrag von 25,- \u20ac pro Jahr und eine einmalige Anmeldegeb\u00fchr von 10,- \u20ac, im Alpaka Beach ggf. zus\u00e4tzliche Kosten pro Termin)<\/p>\n<p>Falls Du es mal austesten wollen, nur zu. Die ersten 3 Termine sind kostenfrei.<\/p>\n<p>Wenn Du mitspielen willst oder Fragen hast, kannst Du dich jederzeit gerne an die Sektionsleitung Beach-Volleyball, <strong><a href=\"mailto: beachvolley@sg-dlr-op.de\">Thomas R\u00f6hr<\/a><\/strong>, wenden.<\/p>\n<p>Wir sehen uns auf dem Sand!<\/p>\n","protected":false},"excerpt":{"rendered":"<p>Gef\u00e4llt Dir das Gef\u00fchl von Sand unter den F\u00fc\u00dfen? Treibst Du gerne Sport unter freiem Himmel und hast Spa\u00df an Teamsport? Dann bist Du hier genau richtig. Spielort Sommer: Beachanlage des Sport-Club We\u00dfling e.V. (Meilinger Weg 24, 82234 We\u00dfling) Spielort Winter: Alpaka Beach Indoor Beachhalle (Am Weinberg 26, 82239 Alling) Spielzeiten: Jeden Mittwoch 17:00 \u2013 [&hellip;]<\/p>\n","protected":false},"author":11,"featured_media":0,"parent":33,"menu_order":0,"comment_status":"closed","ping_status":"closed","template":"","meta":{"footnotes":""},"_links":{"self":[{"href":"https:\/\/www.sg-dlr-op.de\/index.php?rest_route=\/wp\/v2\/pages\/749"}],"collection":[{"href":"https:\/\/www.sg-dlr-op.de\/index.php?rest_route=\/wp\/v2\/pages"}],"about":[{"href":"https:\/\/www.sg-dlr-op.de\/index.php?rest_route=\/wp\/v2\/types\/page"}],"author":[{"embeddable":true,"href":"https:\/\/www.sg-dlr-op.de\/index.php?rest_route=\/wp\/v2\/users\/11"}],"replies":[{"embeddable":true,"href":"https:\/\/www.sg-dlr-op.de\/index.php?rest_route=%2Fwp%2Fv2%2Fcomments&post=749"}],"version-history":[{"count":28,"href":"https:\/\/www.sg-dlr-op.de\/index.php?rest_route=\/wp\/v2\/pages\/749\/revisions"}],"predecessor-version":[{"id":1031,"href":"https:\/\/www.sg-dlr-op.de\/index.php?rest_route=\/wp\/v2\/pages\/749\/revisions\/1031"}],"up":[{"embeddable":true,"href":"https:\/\/www.sg-dlr-op.de\/index.php?rest_route=\/wp\/v2\/pages\/33"}],"wp:attachment":[{"href":"https:\/\/www.sg-dlr-op.de\/index.php?rest_route=%2Fwp%2Fv2%2Fmedia&parent=749"}],"curies":[{"name":"wp","href":"https:\/\/api.w.org\/{rel}","templated":true}]}}